{"id":77,"date":"2023-03-01T13:32:17","date_gmt":"2023-03-01T12:32:17","guid":{"rendered":"https:\/\/safrandenmarre.com\/contact\/?post_type=product&#038;p=77"},"modified":"2026-01-05T10:19:38","modified_gmt":"2026-01-05T09:19:38","slug":"safran-en-pistils-filaments-de-01g","status":"publish","type":"product","link":"https:\/\/safrandenmarre.com\/contact\/produit\/safran-en-pistils-filaments-de-01g\/","title":{"rendered":"Safran en filaments- Dosette de 0,1g"},"content":{"rendered":"<p>Safran en filaments, cultiv\u00e9 en Agriculture Biologique, certifi\u00e9 cat\u00e9gorie 1 de la norme ISO 3632.<\/p>\n<p>&nbsp;<\/p>\n<p><em><span class=\"OYPEnA font-feature-liga-off font-feature-clig-off font-feature-calt-off text-decoration-none text-strikethrough-none\">Propri\u00e9t\u00e9s de notre Safran :<\/span><\/em><\/p>\n<p><span class=\"OYPEnA font-feature-liga-off font-feature-clig-off font-feature-calt-off text-decoration-none text-strikethrough-none\">Le safran, souvent appel\u00e9 \u00ab\u00a0l&rsquo;or rouge\u00a0\u00bb, est non seulement une \u00e9pice pris\u00e9e pour ses ar\u00f4mes et sa couleur vibrante, mais il poss\u00e8de \u00e9galement de nombreuses propri\u00e9t\u00e9s b\u00e9n\u00e9fiques pour la sant\u00e9. Voici un aper\u00e7u des principaux avantages du safran : antioxydant puissant, am\u00e9liore l&rsquo;humeur, soutient la m\u00e9moire, effet anti-inflammatoire, aphrodisiaque naturel, soutien digestif, sant\u00e9 cardiovasculaire, bienfaits pour les yeux, propri\u00e9t\u00e9s anticanc\u00e9reuses et r\u00e9gulation menstruelle.<\/span><\/p>\n<p>&nbsp;<\/p>\n<p><em>Conseils d&rsquo;utilisation culinaire :<\/em><\/p>\n<p class=\"cvGsUA direction-ltr align-justify para-style-body\"><span class=\"OYPEnA font-feature-liga-off font-feature-clig-off font-feature-calt-off text-decoration-none text-strikethrough-none\">Pour lib\u00e9rer toute la saveur du safran ainsi que sa couleur, infuser les filaments avant utilisation suivant le plat cuisin\u00e9 dans un liquide chaud (eau, lait, bouillon) entre 4h et 24h ou dans un liquide froid (\u0153uf, cr\u00e8me fraiche) entre 24h et 48h.<\/span><\/p>\n<p class=\"cvGsUA direction-ltr align-justify para-style-body\"><span class=\"OYPEnA font-feature-liga-off font-feature-clig-off font-feature-calt-off text-decoration-none text-strikethrough-none\">Il est pr\u00e9conis\u00e9 par personne 3 \u00e0 9 filaments pour un plat sucr\u00e9 et 9 \u00e0 15 filaments pour un plat sal\u00e9. Dans la majeure partie des recettes une dosette de safran de 0,1g permet de pr\u00e9parer un plat de 6-7 assiettes.<\/span><\/p>\n<p class=\"cvGsUA direction-ltr align-justify para-style-body\"><span class=\"OYPEnA font-feature-liga-off font-feature-clig-off font-feature-calt-off text-decoration-none text-strikethrough-none\">Pour pr\u00e9server les ar\u00f4mes d\u00e9licats du safran, ne pas d\u00e9passer une temp\u00e9rature de cuisson de 64\u00b0C.<\/span><\/p>\n","protected":false},"excerpt":{"rendered":"<p>Safran en filaments, cultiv\u00e9 en Agriculture Biologique, certifi\u00e9 cat\u00e9gorie 1 de la norme ISO 3632. &nbsp; Propri\u00e9t\u00e9s de notre Safran : Le safran, souvent appel\u00e9 \u00ab\u00a0l&rsquo;or rouge\u00a0\u00bb, est non seulement une \u00e9pice pris\u00e9e pour ses ar\u00f4mes et sa couleur vibrante, mais il poss\u00e8de \u00e9galement de nombreuses propri\u00e9t\u00e9s b\u00e9n\u00e9fiques pour la sant\u00e9. Voici un aper\u00e7u des [&hellip;]<\/p>\n","protected":false},"featured_media":236,"comment_status":"open","ping_status":"closed","template":"","meta":{"_monsterinsights_skip_tracking":false,"_monsterinsights_sitenote_active":false,"_monsterinsights_sitenote_note":"","_monsterinsights_sitenote_category":0},"product_brand":[],"product_cat":[17],"product_tag":[],"class_list":{"0":"post-77","1":"product","2":"type-product","3":"status-publish","4":"has-post-thumbnail","6":"product_cat-safran-en-filaments","8":"first","9":"instock","10":"shipping-taxable","11":"purchasable","12":"product-type-simple"},"jetpack_sharing_enabled":true,"_links":{"self":[{"href":"https:\/\/safrandenmarre.com\/contact\/wp-json\/wp\/v2\/product\/77","targetHints":{"allow":["GET"]}}],"collection":[{"href":"https:\/\/safrandenmarre.com\/contact\/wp-json\/wp\/v2\/product"}],"about":[{"href":"https:\/\/safrandenmarre.com\/contact\/wp-json\/wp\/v2\/types\/product"}],"replies":[{"embeddable":true,"href":"https:\/\/safrandenmarre.com\/contact\/wp-json\/wp\/v2\/comments?post=77"}],"wp:featuredmedia":[{"embeddable":true,"href":"https:\/\/safrandenmarre.com\/contact\/wp-json\/wp\/v2\/media\/236"}],"wp:attachment":[{"href":"https:\/\/safrandenmarre.com\/contact\/wp-json\/wp\/v2\/media?parent=77"}],"wp:term":[{"taxonomy":"product_brand","embeddable":true,"href":"https:\/\/safrandenmarre.com\/contact\/wp-json\/wp\/v2\/product_brand?post=77"},{"taxonomy":"product_cat","embeddable":true,"href":"https:\/\/safrandenmarre.com\/contact\/wp-json\/wp\/v2\/product_cat?post=77"},{"taxonomy":"product_tag","embeddable":true,"href":"https:\/\/safrandenmarre.com\/contact\/wp-json\/wp\/v2\/product_tag?post=77"}],"curies":[{"name":"wp","href":"https:\/\/api.w.org\/{rel}","templated":true}]}}